{"id":978,"date":"2014-09-12T17:13:49","date_gmt":"2014-09-12T17:13:49","guid":{"rendered":"http:\/\/veented.com\/themes\/north\/?page_id=978"},"modified":"2024-04-23T07:46:46","modified_gmt":"2024-04-23T07:46:46","slug":"home13","status":"publish","type":"page","link":"https:\/\/zattispizzabar.de\/de\/","title":{"rendered":"Home13"},"content":{"rendered":"<p>[vc_row el_id=&#8220;first&#8220; bg_rain=&#8220;yes&#8220; content_width=&#8220;fullwidth&#8220; css=&#8220;.vc_custom_1491332922257{padding-top: 0px !important;padding-bottom: 0px !important;}&#8220; fullwidth=&#8220;yes&#8220; row_width=&#8220;fullwidth&#8220;][vc_column][rev_slider_vc alias=&#8220;covid-1&#8243;][\/vc_column][\/vc_row][vc_row color_scheme=&#8220;white&#8220; css=&#8220;.vc_custom_1552469011282{margin-top: -40px !important;padding-top: 0px !important;padding-bottom: 0px !important;background-color: #1f1f1f !important;}&#8220;][vc_column][vc_empty_space]<div class=\"vntd-cta vntd-cta-style-default\"><div class=\"content-left white\"><h2 class=\"vntd-cta-heading content-head\">Eine Pizza mit Herz.<\/h2><p class=\"subtitle-text\">In die Frische liegt der Geschmack.<\/p><\/div><\/div>[vc_empty_space][\/vc_column][\/vc_row][vc_row el_id=&#8220;pizza&#8220;][vc_column]<div class=\"vntd-special-heading\"style=\"margin-bottom:65px;\"><h1 class=\"header  animated vntd-animated\" data-animation=\"fadeIn\" data-animation-delay=\"100\">Pizza<\/h1><div class=\"header-strips-one  animated vntd-animated\" data-animation=\"fadeIn\" data-animation-delay=\"100\"><\/div><\/div>[vc_separator css=&#8220;.vc_custom_1491334109567{margin-top: -20px !important;margin-bottom: 25px !important;}&#8220;]<div class=\"vntd-special-heading\"style=\"margin-bottom:px;\"><h1 class=\"header  font-secondary animated vntd-animated\" data-animation=\"fadeIn\" data-animation-delay=\"100\">Qualit\u00e4t<\/h1><div class=\"header-strips-one  animated vntd-animated\" data-animation=\"fadeIn\" data-animation-delay=\"100\"><\/div><h2 class=\"description normal  animated vntd-animated\" data-animation=\"fadeIn\" data-animation-delay=\"100\">Pane, amore e fantasia bringt unseren Qualit\u00e4tsanspruch bei der Zubereitung unserer Pizze auf den Punkt.<\/h2><\/div>[vc_column_text css_animation=&#8220;fadeInUp&#8220;]Urspr\u00fcngliche, qualitativ hochstehende Zutaten werden mit viel Liebe und Fantasie verarbeitet. Wir bevorzugen, wann immer m\u00f6glich, lokal und nachhaltig produzierte Lebensmittel. Edamer, Mozzarella, Pelati und Mehl (San Daniele) \u2013 Schl\u00fcsselzutaten einer guten Pizza \u2013 beziehen wir von unseren bew\u00e4hrten Lieferanten aus Italien.[\/vc_column_text][\/vc_column][\/vc_row][vc_row parallax=&#8220;yes&#8220; parallax_speed_bg=&#8220;2.5&#8243; el_id=&#8220;take-away&#8220; color_scheme=&#8220;white&#8220; bg_overlay=&#8220;dark&#8220; css=&#8220;.vc_custom_1491375801291{background-image: url(https:\/\/zattispizzabar.de\/de\/wp-content\/uploads\/2020\/04\/zattiswest.png) !important;}&#8220; darken=&#8220;dark&#8220;][vc_column]<div class=\"vntd-special-heading\"style=\"margin-bottom:px;\"><h1 class=\"header  font-secondary animated vntd-animated\" data-animation=\"fadeIn\" data-animation-delay=\"100\">Take Away<\/h1><div class=\"header-strips-one  animated vntd-animated\" data-animation=\"fadeIn\" data-animation-delay=\"100\"><\/div><h2 class=\"description normal  animated vntd-animated\" data-animation=\"fadeIn\" data-animation-delay=\"100\">Wenn es mal schnell gehen muss.<\/h2><\/div>[vc_column_text css_animation=&#8220;fadeInUp&#8220;]Eine schnelle und p\u00fcnktliche Vorbereitung ist so wichtig wie die Qualit\u00e4t der Pizza. Alle unsere Pizzaiolis sind darauf geschult. Somit gew\u00e4hrleisten wir, dass Sie Ihre Pizza nicht nur zuverl\u00e4ssig sondern auch warm und knusprig bekommen. Haben Sie jedoch bitte Verst\u00e4ndnis, dass auch f\u00fcr uns, gerade w\u00e4hrend den Stosszeiten, nicht immer exakt geplant werden kann. &#8211; Zattis liefert Qualit\u00e4t.[\/vc_column_text][\/vc_column][\/vc_row][vc_row el_id=&#8220;ueber-uns&#8220;][vc_column]<div class=\"vntd-special-heading\"style=\"margin-bottom:0px;\"><h1 class=\"header  animated vntd-animated\" data-animation=\"fadeIn\" data-animation-delay=\"100\">\u00dcber uns<\/h1><div class=\"header-strips-one  animated vntd-animated\" data-animation=\"fadeIn\" data-animation-delay=\"100\"><\/div><h2 class=\"description normal  animated vntd-animated\" data-animation=\"fadeIn\" data-animation-delay=\"100\">Das Zattis Angebot richtet sich nach dem schlichten und geschmackvollen italienischen Lebensstil.<\/h2><\/div>[vc_row_inner][vc_column_inner css=&#8220;.vc_custom_1491375658097{margin-top: 20px !important;}&#8220;][vc_separator style=&#8220;dotted&#8220;][\/vc_column_inner][\/vc_row_inner][vc_row_inner][vc_column_inner width=&#8220;1\/2&#8243;][vc_column_text css_animation=&#8220;fadeInUp&#8220;]Dabei verbinden sich Essgenuss, Lebensfreude und Zufriedenheit. Zattis\u00a0 verwendet ausgesuchte, nat\u00fcrliche Produkte h\u00f6chster Qualit\u00e4t. Wir haben unsere Kunden gerne und sind unseren Mitarbeitern ein fairer Arbeitgeber.<\/p>\n<p>&nbsp;<\/p>\n<h3>Das Zattis-System<\/h3>\n<p>Die meisten unserer Betriebe werden von Zattis-Familie, nach den Richtlinien von Zattis betrieben.<br \/>\nZattis\u00a0 mietet die Standorte, richtet sie ein und betreibt. Mittels Schulungen, Kontrollen und zentralem Einkauf (Zattis natura) stellen wir sicher, dass sich der Kunde in jedem Betrieb auf die bew\u00e4hrte Zattis-Qualit\u00e4t verlassen kann.<\/p>\n<p>&nbsp;<\/p>\n<h3>Unsere Geschichte<\/h3>\n<p>2005 in der Altstadt von Ingolstadt als \u201eZattis Pizza Bar\u201c gegr\u00fcndet, hat sich das Unternehmen seit dem zu einem der gr\u00f6ssten Gastrounternehmen in Ingolstadt entwickelt.<br \/>\nMittlerweile (Stand 2016) arbeiten, je nach Saison, zwischen 20 und 30 Mitarbeiter in 3 Zattis\u00a0 Betrieben.[\/vc_column_text][\/vc_column_inner][vc_column_inner width=&#8220;1\/2&#8243;][vc_single_image image=&#8220;1086&#8243; img_size=&#8220;large&#8220; alignment=&#8220;center&#8220; style=&#8220;vc_box_shadow_3d&#8220; css_animation=&#8220;fadeInUp&#8220; css=&#8220;.vc_custom_1491335676998{margin-top: 35px !important;margin-left: 15px !important;}&#8220;][\/vc_column_inner][\/vc_row_inner][\/vc_column][\/vc_row][vc_row parallax=&#8220;yes&#8220; parallax_speed_bg=&#8220;3&#8243; el_id=&#8220;philosophie&#8220; color_scheme=&#8220;white&#8220; bg_overlay=&#8220;dark&#8220; css=&#8220;.vc_custom_1491411931041{background-image: url(https:\/\/zattispizzabar.de\/de\/wp-content\/uploads\/2020\/04\/Carved.png) !important;}&#8220; darken=&#8220;dark&#8220;][vc_column]<div class=\"vntd-special-heading\"style=\"margin-bottom:60px;\"><h1 class=\"header  animated vntd-animated\" data-animation=\"fadeIn\" data-animation-delay=\"100\">Philosophie<\/h1><div class=\"header-strips-one  animated vntd-animated\" data-animation=\"fadeIn\" data-animation-delay=\"100\"><\/div><\/div>[vc_row_inner][vc_column_inner css=&#8220;.vc_custom_1491375708516{padding-top: 10px !important;}&#8220;][vc_column_text css_animation=&#8220;fadeInUp&#8220;]Seit dem ersten Tag engagierte sich die Zattis-Familie f\u00fcr das Gemeinsame Unternehmen, welche gegenw\u00e4rtig auf\u00a0 12 erfolgreichen Jahren im Gastrobetrieb zur\u00fcckblicken kann. Stetig wurden die Prozesse und Produkte optimiert, gleichzeitig wurde auf gute Qualit\u00e4t geachtet. Im Zattis Hause wird nichts dem Zufall \u00fcberlassen. Die stetige Zufriedenheit unserer Kunden steht bei uns an erster Stelle. Wir legen grossen Wert auf Hygiene und richten uns nach HACCP-Richtlinien, Qualit\u00e4tsprodukte und Kundenfreundlichkeit. Dem Gast durch unsere Frisch vorbereiteten Zutaten eine Freude zu bereiten, danach streben wir. Wir arbeiten mit Sorge zum Detail.[\/vc_column_text][\/vc_column_inner][\/vc_row_inner][\/vc_column][\/vc_row][vc_row el_id=&#8220;speisekarte&#8220;][vc_column]<div class=\"vntd-special-heading\"style=\"margin-bottom:0px;\"><h1 class=\"header \" >Speisekarte<\/h1><div class=\"header-strips-one \" ><\/div><\/div>[vc_column_text css_animation=&#8220;fadeInUp&#8220;]<\/p>\n<h3>Pizza<\/h3>\n<table>\n<tbody>\n<tr>\n<td><\/td>\n<th style=\"text-align: center;\">\u230030cm<\/th>\n<th style=\"text-align: center;\">\u230050cm<\/th>\n<\/tr>\n<tr>\n<td><b>Margherita<\/b><br \/>\nTomatensauce, K\u00e4se(H, D (Edamer))<\/td>\n<td style=\"text-align: center;\">7.00\u00a0\u20ac<\/td>\n<td style=\"text-align: center;\">18.50 \u20ac<\/td>\n<\/tr>\n<tr>\n<td><b>Mozzarella<\/b><br \/>\nTomatensauce, K\u00e4se (H, D), Mozzarella<\/td>\n<td style=\"text-align: center;\">8.00 \u20ac<\/td>\n<td style=\"text-align: center;\">19.50 \u20ac<\/td>\n<\/tr>\n<tr>\n<td><b>Salami<\/b><br \/>\nTomatensauce, K\u00e4se (H, D),\u00a0Putensalami(1)<\/td>\n<td style=\"text-align: center;\">8.00 \u20ac<\/td>\n<td style=\"text-align: center;\">19.50 \u20ac<\/td>\n<\/tr>\n<tr>\n<td><b>Polettaa<\/b><br \/>\nTomatensauce, K\u00e4se (H, D), Pizzabelag aus der Putenoberkeule (E, 2)<\/td>\n<td style=\"text-align: center;\">8.00 \u20ac<\/td>\n<td style=\"text-align: center;\">19.50 \u20ac<\/td>\n<\/tr>\n<tr>\n<td><b>Funghi<\/b><br \/>\nTomatensauce, K\u00e4se (H, D), frische Champignons<\/td>\n<td style=\"text-align: center;\">8.00 \u20ac<\/td>\n<td style=\"text-align: center;\">20.00 \u20ac<\/td>\n<\/tr>\n<tr>\n<td><b>Spinaci<\/b><br \/>\nTomatensauce, K\u00e4se (H, D), Spinat<\/td>\n<td style=\"text-align: center;\">8.00 \u20ac<\/td>\n<td style=\"text-align: center;\">20.50 \u20ac<\/td>\n<\/tr>\n<tr>\n<td><b>Hawaii<\/b><br \/>\nTomatensauce, K\u00e4se (H, D), Pizzabelag aus der Putenoberkeule (E, 2), Ananas<\/td>\n<td style=\"text-align: center;\">9.00 \u20ac<\/td>\n<td style=\"text-align: center;\">20.50 \u20ac<\/td>\n<\/tr>\n<tr>\n<td><b>Regina<\/b><br \/>\nTomatensauce, K\u00e4se (H, D), Pizzabelag aus der Putenoberkeule (E, 2), Champignons<\/td>\n<td style=\"text-align: center;\">9.00 \u20ac<\/td>\n<td style=\"text-align: center;\">20.50 \u20ac<\/td>\n<\/tr>\n<tr>\n<td><b>Salami e Funghi<\/b><br \/>\nTomatensauce, K\u00e4se (H, D), Putensalami (1), Champignons<\/td>\n<td style=\"text-align: center;\">9.00 \u20ac<\/td>\n<td style=\"text-align: center;\">20.50 \u20ac<\/td>\n<\/tr>\n<tr>\n<td><b>Napoli<\/b><br \/>\nTomatensauce, K\u00e4se (H, D), Sardellen (B), Oliven<\/td>\n<td style=\"text-align: center;\">9.00 \u20ac<\/td>\n<td style=\"text-align: center;\">22.00 \u20ac<\/td>\n<\/tr>\n<tr>\n<td><b>Verdura &#8211; vegetarisch<\/b><br \/>\nTomatensauce, K\u00e4se (H, D), Champignons, Artischocken, Spinat, Paprika, Peperoni, Oliven<\/td>\n<td style=\"text-align: center;\">9.50 \u20ac<\/td>\n<td style=\"text-align: center;\">22.00 \u20ac<\/td>\n<\/tr>\n<tr>\n<td><b>Capricciosa<\/b><br \/>\nTomatensauce, K\u00e4se (H, D), Pizzabelag aus der Putenoberkeule (E, 2), Putensalami (1), Champignons<\/td>\n<td style=\"text-align: center;\">9.50 \u20ac<\/td>\n<td style=\"text-align: center;\">21.00 \u20ac<\/td>\n<\/tr>\n<tr>\n<td><b>Sole Mio<\/b><br \/>\nTomatensauce, K\u00e4se (H, D), Putensalami (1), Artischocken, Peperoni<\/td>\n<td style=\"text-align: center;\">9.50 \u20ac<\/td>\n<td style=\"text-align: center;\">22.00 \u20ac<\/td>\n<\/tr>\n<tr>\n<td><b>Tonno Cipolla<\/b><br \/>\nTomatensauce, K\u00e4se (H, D), Thunfisch (B), Zwiebel<\/td>\n<td style=\"text-align: center;\">9.50 \u20ac<\/td>\n<td style=\"text-align: center;\">22.00 \u20ac<\/td>\n<\/tr>\n<tr>\n<td><b>Rucola<\/b><br \/>\nTomatensauce, K\u00e4se (H, D), Rucola, Cherrytomaten, Granapadano<\/td>\n<td style=\"text-align: center;\">10.00 \u20ac<\/td>\n<td style=\"text-align: center;\">22.00 \u20ac<\/td>\n<\/tr>\n<tr>\n<td><b>Quattro formaggi<\/b><br \/>\nTomatensauce, Edamer, Gorgonzola, Mozzarella, Granapadano<\/td>\n<td style=\"text-align: center;\">10.00 \u20ac<\/td>\n<td style=\"text-align: center;\">22.00 \u20ac<\/td>\n<\/tr>\n<tr>\n<td><b>Quattro Stagioni<\/b><br \/>\nTomatensauce, K\u00e4se (H, D), Champignons, Putensalami (1), Pizzabelag aus der Putenoberkeule (E, 2), Peperoni, Oliven<\/td>\n<td style=\"text-align: center;\">10.00 \u20ac<\/td>\n<td style=\"text-align: center;\">22.00 \u20ac<\/td>\n<\/tr>\n<tr>\n<td><b>Krabben<\/b><br \/>\nTomatensauce, K\u00e4se (H, D), Shrimps (C)<\/td>\n<td style=\"text-align: center;\">10.00 \u20ac<\/td>\n<td style=\"text-align: center;\">22.50 \u20ac<\/td>\n<\/tr>\n<tr>\n<td><b>Sicilia<\/b><br \/>\nTomatensauce, K\u00e4se (H, D), Pizzabelag aus der Putenoberkeule (E, 2), Putensalami (1), Thunfisch (B), Paprika<\/td>\n<td style=\"text-align: center;\">10.00 \u20ac<\/td>\n<td style=\"text-align: center;\">23.00 \u20ac<\/td>\n<\/tr>\n<tr>\n<td><b>Gustosa<\/b><br \/>\nTomatensauce, K\u00e4se (H, D), Thunfisch (B), Shrimps (J)<\/td>\n<td style=\"text-align: center;\">10.50 \u20ac<\/td>\n<td style=\"text-align: center;\">24.00 \u20ac<\/td>\n<\/tr>\n<tr>\n<td><b>Frutti di Mare<\/b><br \/>\nTomatensauce, K\u00e4se (H, D), Meeresfr\u00fcchte (B, C, J)<\/td>\n<td style=\"text-align: center;\">10.50 \u20ac<\/td>\n<td style=\"text-align: center;\">23.00 \u20ac<\/td>\n<\/tr>\n<tr>\n<td><b>Pizzabrot<\/b><\/td>\n<td style=\"text-align: center;\">4.50 \u20ac<\/td>\n<td style=\"text-align: center;\">10.00 \u20ac<\/td>\n<\/tr>\n<\/tbody>\n<\/table>\n<p>A = Eier, B = Fisch, C = Krebstiere, D = Milch, E = 92% Putenfelisch, 8% W\u00fcrzlake (Trinkwasser, Nitritp\u00f6kelsalz, Kochsalz, Konservierungsstoff: E250), Maltodextrine, Dextrose, Stabilisator E450\/E451, Verdickungsmittel E407, Antioxidationsmittel E316, Gew\u00fcrzextrakte, H = Glutenhaltiges Getreide (Weizen), H1 = (Roggen), J= Schalenfr\u00fcchte<br \/>\n1 = Nitratp\u00f6kelsatz, 2 = Geschmacksverst\u00e4rker, 3 \u00a0= Phosphat<\/p>\n<p>&nbsp;<\/p>\n<h3>Alkoholfreie Getr\u00e4nke<\/h3>\n<table>\n<tbody>\n<tr>\n<td><b>Coca Cola (3, 5)<\/b><\/td>\n<td style=\"text-align: center;\">0.33 l<\/td>\n<td style=\"text-align: center;\">2.50 \u20ac<\/td>\n<\/tr>\n<tr>\n<td><b>Coca Cola light (3, 5, 6)<\/b><\/td>\n<td style=\"text-align: center;\">0.33 l<\/td>\n<td style=\"text-align: center;\">2.50 \u20ac<\/td>\n<\/tr>\n<tr>\n<td><b>Fanta (3)<\/b><\/td>\n<td style=\"text-align: center;\">0.33 l<\/td>\n<td style=\"text-align: center;\">2.50 \u20ac<\/td>\n<\/tr>\n<tr>\n<td><b>Mezzo Mix (3, 5)<\/b><\/td>\n<td style=\"text-align: center;\">0.33 l<\/td>\n<td style=\"text-align: center;\">2.50 \u20ac<\/td>\n<\/tr>\n<tr>\n<td><b>Sprite<\/b><\/td>\n<td style=\"text-align: center;\">0.33 l<\/td>\n<td style=\"text-align: center;\">2.50 \u20ac<\/td>\n<\/tr>\n<tr>\n<td><b>Wasser<\/b><\/td>\n<td style=\"text-align: center;\">0.33 l<\/td>\n<td style=\"text-align: center;\">2.00 \u20ac<\/td>\n<\/tr>\n<tr>\n<td><b>Apfelschorle<\/b><\/td>\n<td style=\"text-align: center;\">0.33 l<\/td>\n<td style=\"text-align: center;\">2.50 \u20ac<\/td>\n<\/tr>\n<tr>\n<td><b>Red Bull (3, 5)<\/b><\/td>\n<td style=\"text-align: center;\">0.33 l<\/td>\n<td style=\"text-align: center;\">3.50 \u20ac<\/td>\n<\/tr>\n<tr>\n<td><b>Ice Tea<\/b><\/td>\n<td style=\"text-align: center;\">0.33 l<\/td>\n<td style=\"text-align: center;\">3.00 \u20ac<\/td>\n<\/tr>\n<tr>\n<td><b>Iso Aktiv (6)<\/b><\/td>\n<td style=\"text-align: center;\">0.33 l<\/td>\n<td style=\"text-align: center;\">3.00 \u20ac<\/td>\n<\/tr>\n<\/tbody>\n<\/table>\n<p>3 = mit Farbstoff, 4 = chiminhaltig, 5 = koffeinhaltig, 6 = mit S\u00fc\u00dfungsmittel<\/p>\n<p>&nbsp;<\/p>\n<h3>Heisse Getr\u00e4nke<\/h3>\n<table>\n<tbody>\n<tr>\n<td><b>Kaffee<\/b><\/td>\n<td style=\"text-align: center;\">2.50 \u20ac<\/td>\n<\/tr>\n<tr>\n<td><b>Espresso<\/b><\/td>\n<td style=\"text-align: center;\">2.00 \u20ac<\/td>\n<\/tr>\n<tr>\n<td><b>Cappuccino<\/b><\/td>\n<td style=\"text-align: center;\">2.80 \u20ac<\/td>\n<\/tr>\n<tr>\n<td><b>Latte Machiato<\/b><\/td>\n<td style=\"text-align: center;\">2.80 \u20ac<\/td>\n<\/tr>\n<tr>\n<td><b>Espresso doppio<\/b><\/td>\n<td style=\"text-align: center;\">3.50 \u20ac<\/td>\n<\/tr>\n<tr>\n<td><b>Tee<\/b><\/td>\n<td style=\"text-align: center;\">2.00 \u20ac<\/td>\n<\/tr>\n<\/tbody>\n<\/table>\n<p>[\/vc_column_text][\/vc_column][\/vc_row][vc_row parallax=&#8220;yes&#8220; parallax_speed_bg=&#8220;3&#8243; el_id=&#8220;filialen&#8220; color_scheme=&#8220;white&#8220; css=&#8220;.vc_custom_1491376053923{background-image: url(https:\/\/zattispizzabar.de\/de\/wp-content\/uploads\/2020\/04\/ingolstadt.jpg) !important;}&#8220; darken=&#8220;dark&#8220;][vc_column]<div class=\"vntd-special-heading\"style=\"margin-bottom:60px;\"><h1 class=\"header  animated vntd-animated\" data-animation=\"fadeIn\" data-animation-delay=\"100\">Unsere Fililalen<\/h1><div class=\"header-strips-one  animated vntd-animated\" data-animation=\"fadeIn\" data-animation-delay=\"100\"><\/div><\/div>[vc_row_inner][vc_column_inner width=&#8220;1\/4&#8243; css=&#8220;.vc_custom_1491338528550{padding-top: 0px !important;}&#8220;][vc_single_image image=&#8220;1105&#8243; img_size=&#8220;medium&#8220; style=&#8220;vc_box_outline_circle_2&#8243; border_color=&#8220;white&#8220; css_animation=&#8220;fadeInUp&#8220;][vc_custom_heading text=&#8220;Kupferstra\u00dfe&#8220; font_container=&#8220;tag:h2|text_align:center&#8220; css_animation=&#8220;fadeInUp&#8220;][vc_column_text css_animation=&#8220;fadeInUp&#8220;]<\/p>\n<h4 style=\"text-align: center;\">Kupferstra\u00dfe 20<br \/>\n85049 Ingolstadt<br \/>\nTel: 0841 1260277<\/h4>\n<h4 style=\"text-align: center;\">\u00d6ffnungszeiten:<br \/>\nMo.-Do.: 11:00 &#8211; 22:00<br \/>\nFr.-Sa.: 11:00 &#8211; 03:00<br \/>\nSo.: geschlossen<\/h4>\n<p>[\/vc_column_text][\/vc_column_inner][vc_column_inner width=&#8220;1\/4&#8243;][vc_single_image image=&#8220;1211&#8243; img_size=&#8220;medium&#8220; style=&#8220;vc_box_outline_circle_2&#8243; border_color=&#8220;white&#8220; css_animation=&#8220;fadeInUp&#8220;][vc_custom_heading text=&#8220;WestPark&#8220; font_container=&#8220;tag:h2|text_align:center&#8220; css_animation=&#8220;fadeInUp&#8220;][vc_column_text css_animation=&#8220;fadeInUp&#8220;]<\/p>\n<h4 style=\"text-align: center;\">Am Westpark 6<br \/>\n85057 Ingolstadt<br \/>\nTel: 0841 8866587<\/h4>\n<h4 style=\"text-align: center;\">\u00d6ffnungszeiten:<br \/>\nMo.-Sa.: 10:00 &#8211; 20:00<br \/>\nSo: geschlossen<\/h4>\n<p>[\/vc_column_text][\/vc_column_inner][vc_column_inner width=&#8220;1\/4&#8243;][vc_single_image image=&#8220;1209&#8243; img_size=&#8220;medium&#8220; style=&#8220;vc_box_outline_circle_2&#8243; border_color=&#8220;white&#8220; css_animation=&#8220;fadeInUp&#8220;][vc_custom_heading text=&#8220;Eriagstra\u00dfe&#8220; font_container=&#8220;tag:h2|text_align:center&#8220; css_animation=&#8220;fadeInUp&#8220;][vc_column_text css_animation=&#8220;fadeInUp&#8220;]<\/p>\n<h4 style=\"text-align: center;\">Eriagstra\u00dfe. 15<br \/>\n85053 Ingolstadt<br \/>\nTel: 0841 9677220<\/h4>\n<h4 style=\"text-align: center;\">\u00d6ffnungszeiten:<br \/>\nMo.-Sa.: 11:00 &#8211; 20:00<br \/>\nSo: geschlossen<\/h4>\n<p>[\/vc_column_text][\/vc_column_inner][vc_column_inner width=&#8220;1\/4&#8243;][vc_single_image image=&#8220;1214&#8243; img_size=&#8220;medium&#8220; style=&#8220;vc_box_outline_circle_2&#8243; border_color=&#8220;white&#8220; css_animation=&#8220;fadeInUp&#8220;][vc_custom_heading text=&#8220;Dieselstra\u00dfe&#8220; font_container=&#8220;tag:h2|text_align:center&#8220; css_animation=&#8220;fadeInUp&#8220;][vc_column_text css_animation=&#8220;fadeInUp&#8220;]<\/p>\n<h4 style=\"text-align: center;\">Dieselstra\u00dfe. 1<br \/>\n85080 Gaimersheim<br \/>\nTel: 0841 96913031<\/h4>\n<h4 style=\"text-align: center;\">\u00d6ffnungszeiten:<br \/>\nMo.-Sa.: 11:00 &#8211; 20:00<br \/>\nSo: geschlossen<\/h4>\n<p>[\/vc_column_text][\/vc_column_inner][\/vc_row_inner][vc_column_text css_animation=&#8220;fadeInUp&#8220;]<\/p>\n<p style=\"text-align: center;\">www.zattispizzabar.de \u00a0| \u00a0info@zattispizzabar.de<\/p>\n<p>[\/vc_column_text][\/vc_column][\/vc_row]<\/p>\n","protected":false},"excerpt":{"rendered":"<p>[vc_row el_id=&#8220;first&#8220; bg_rain=&#8220;yes&#8220; content_width=&#8220;fullwidth&#8220; css=&#8220;.vc_custom_1491332922257{padding-top: 0px !important;padding-bottom: 0px !important;}&#8220; fullwidth=&#8220;yes&#8220; row_width=&#8220;fullwidth&#8220;][vc_column][rev_slider_vc alias=&#8220;covid-1&#8243;][\/vc_column][\/vc_row][vc_row color_scheme=&#8220;white&#8220; css=&#8220;.vc_custom_1552469011282{margin-top: -40px !important;padding-top: 0px !important;padding-bottom: 0px !important;background-color: #1f1f1f !important;}&#8220;][vc_column][vc_empty_space][vc_empty_space][\/vc_column][\/vc_row][vc_row el_id=&#8220;pizza&#8220;][vc_column][vc_separator css=&#8220;.vc_custom_1491334109567{margin-top: -20px !important;margin-bottom: 25px !important;}&#8220;][vc_column_text css_animation=&#8220;fadeInUp&#8220;]Urspr\u00fcngliche, qualitativ hochstehende Zutaten werden mit viel Liebe und Fantasie verarbeitet. Wir bevorzugen, wann immer m\u00f6glich, lokal und nachhaltig produzierte Lebensmittel. Edamer, Mozzarella, Pelati und Mehl (San Daniele) \u2013 Schl\u00fcsselzutaten einer guten Pizza \u2013 beziehen wir von unseren bew\u00e4hrten Lieferanten aus Italien.[\/vc_column_text][\/vc_column][\/vc_row][vc_row [&hellip;]<\/p>\n","protected":false},"author":1,"featured_media":0,"parent":0,"menu_order":0,"comment_status":"open","ping_status":"open","template":"template-onepager.php","meta":[],"_links":{"self":[{"href":"https:\/\/zattispizzabar.de\/de\/wp-json\/wp\/v2\/pages\/978"}],"collection":[{"href":"https:\/\/zattispizzabar.de\/de\/wp-json\/wp\/v2\/pages"}],"about":[{"href":"https:\/\/zattispizzabar.de\/de\/wp-json\/wp\/v2\/types\/page"}],"author":[{"embeddable":true,"href":"https:\/\/zattispizzabar.de\/de\/wp-json\/wp\/v2\/users\/1"}],"replies":[{"embeddable":true,"href":"https:\/\/zattispizzabar.de\/de\/wp-json\/wp\/v2\/comments?post=978"}],"version-history":[{"count":115,"href":"https:\/\/zattispizzabar.de\/de\/wp-json\/wp\/v2\/pages\/978\/revisions"}],"predecessor-version":[{"id":1218,"href":"https:\/\/zattispizzabar.de\/de\/wp-json\/wp\/v2\/pages\/978\/revisions\/1218"}],"wp:attachment":[{"href":"https:\/\/zattispizzabar.de\/de\/wp-json\/wp\/v2\/media?parent=978"}],"curies":[{"name":"wp","href":"https:\/\/api.w.org\/{rel}","templated":true}]}}